{"id":899,"date":"2018-05-17T12:29:55","date_gmt":"2018-05-17T12:29:55","guid":{"rendered":"https:\/\/www.dotsource.de\/labs\/?page_id=899"},"modified":"2024-05-03T14:02:18","modified_gmt":"2024-05-03T12:02:18","slug":"facharbeiten","status":"publish","type":"page","link":"https:\/\/www.dotsource.de\/labs\/facharbeiten\/","title":{"rendered":"Facharbeiten"},"content":{"rendered":"<p>Diese Seite dient zur \u00dcbersicht \u00fcber die auf dotSource Labs ver\u00f6ffentlichten Facharbeiten.<br \/>\n<strong><span style=\"text-decoration: underline\">Betriebswirtschaftliche Facharbeiten<\/span><\/strong><\/p>\n<ul>\n<li>Mobile Coupons \u2013 Evaluierung der Potenziale und Kosten von via Mobilfunknetz verteilten Coupons im Einzelhandel (2004)<\/li>\n<li>Steigerung des Umsatzes im Online-Shop unter Zuhilfenahme von Preispolitik und Marketingma\u00dfnahmen (2007)<\/li>\n<li>Werbung in sozialen Netzwerken (2010)<\/li>\n<li>Social Commerce &#8211; Erfolgsfaktoren der Kundenansprache (2010)<\/li>\n<li>Einf\u00fchrung einer Multiprojektmanagement Software in der dotSource GmbH (2011)<\/li>\n<\/ul>\n<p><strong><span style=\"text-decoration: underline\">Technische Facharbeiten<\/span><\/strong><\/p>\n<ul>\n<li>Einf\u00fchrung in das Thema Cross-Site-Scripting, CSRF und SQL-Injections (2007)<\/li>\n<li>Flashwerbemittel &#8211; Betrachtung des Nutzens aus dem Jahre (2008)<\/li>\n<li>Logischer und technischer \u00dcberblick \u00fcber die Webapplikation Preisbock (2008)<\/li>\n<li>Refactoring der Webapplikation Preisbock in Kombination mit der Suche nach einer neuen Basisplattform (2008)<\/li>\n<li>Migration der Daten des aktuellen Preisbocks auf das Shopsystem Magento der Firma Varien (2009)<\/li>\n<li>Affiliate Komponenten &#8211; Spezifikation einer Erweiterung der SCOOBOX (2009)<\/li>\n<li>Konzept und Zweck von Visual Live Stores am Beispiel Preisbock (2009)<\/li>\n<li>Implementierung einer universellen, XMLbasierten Importschnittstelle f\u00fcr das Shopsystem Magento(2009)<\/li>\n<li>Entwurf und Entwicklung einer Forumskomponente f\u00fcr SCOOBOX mit Intershop Enfinity Studio (2009)<\/li>\n<li>Effizientere PHP Entwicklung mit Zend Studio \u2013 Richtiger Umgang mit wichtigen Funktionen (2010)<\/li>\n<li>Konzeption und Implementierung eines Community- und Redaktionssystems (2010)<\/li>\n<li>Einsatz von PHPUnit am Beispiel von Preisbock.de (2010)<\/li>\n<li>Erstellung einer Entwicklungsumgebung f\u00fcr workflowbasierte Webanwendungen (2010)<\/li>\n<li>Absicherung von Serversystemen &#8211; Beispielhafte Betrachtung eines Debian Servers (2010)<\/li>\n<li>Analogie eines Serverclusters mit dem neuen Virtualisierungstrend Cloud Computing (2010) <\/li>\n<li>Design Patterns in der Softwareentwicklung &#8211; Verwendungen in Theorie und Praxis am Beispiel Magento (2011)<\/li>\n<li>Performanceoptimierung in Magento durch Nutzung eines Content Distribution Network (2011)<\/li>\n<li>Vergleich von FACT-Finder und Solr im E-Commerce am Beispiel von SCOOBOX (2011)<\/li>\n<li>Co-Shopping f\u00fcr Magento unter Beachtung von Multiuser Problematiken (2012)<\/li>\n<\/ul>\n","protected":false},"excerpt":{"rendered":"<p>Diese Seite dient zur \u00dcbersicht \u00fcber die auf dotSource Labs ver\u00f6ffentlichten Facharbeiten. Betriebswirtschaftliche Facharbeiten Mobile Coupons \u2013 Evaluierung der Potenziale und Kosten von via Mobilfunknetz verteilten Coupons im Einzelhandel (2004) Steigerung des Umsatzes im Online-Shop unter Zuhilfenahme von Preispolitik und Marketingma\u00dfnahmen (2007) Werbung in sozialen Netzwerken (2010) Social Commerce &#8211; Erfolgsfaktoren der Kundenansprache (2010) Einf\u00fchrung &hellip; <a href=\"https:\/\/www.dotsource.de\/labs\/facharbeiten\/\" class=\"more-link\">weiterlesen<span class=\"screen-reader-text\"> &#8222;Facharbeiten&#8220;<\/span><\/a><\/p>\n","protected":false},"author":7,"featured_media":0,"parent":0,"menu_order":0,"comment_status":"closed","ping_status":"closed","template":"","meta":{"_acf_changed":false,"ngg_post_thumbnail":0,"footnotes":""},"class_list":["post-899","page","type-page","status-publish","hentry"],"aioseo_notices":[],"acf":[],"_links":{"self":[{"href":"https:\/\/www.dotsource.de\/labs\/wp-json\/wp\/v2\/pages\/899","targetHints":{"allow":["GET"]}}],"collection":[{"href":"https:\/\/www.dotsource.de\/labs\/wp-json\/wp\/v2\/pages"}],"about":[{"href":"https:\/\/www.dotsource.de\/labs\/wp-json\/wp\/v2\/types\/page"}],"author":[{"embeddable":true,"href":"https:\/\/www.dotsource.de\/labs\/wp-json\/wp\/v2\/users\/7"}],"replies":[{"embeddable":true,"href":"https:\/\/www.dotsource.de\/labs\/wp-json\/wp\/v2\/comments?post=899"}],"version-history":[{"count":22,"href":"https:\/\/www.dotsource.de\/labs\/wp-json\/wp\/v2\/pages\/899\/revisions"}],"predecessor-version":[{"id":2032,"href":"https:\/\/www.dotsource.de\/labs\/wp-json\/wp\/v2\/pages\/899\/revisions\/2032"}],"wp:attachment":[{"href":"https:\/\/www.dotsource.de\/labs\/wp-json\/wp\/v2\/media?parent=899"}],"curies":[{"name":"wp","href":"https:\/\/api.w.org\/{rel}","templated":true}]}}