{"id":885,"date":"2018-05-17T08:33:27","date_gmt":"2018-05-17T08:33:27","guid":{"rendered":"https:\/\/www.dotsource.de\/labs\/?page_id=885"},"modified":"2024-06-25T12:52:10","modified_gmt":"2024-06-25T10:52:10","slug":"impressum","status":"publish","type":"page","link":"https:\/\/www.dotsource.de\/labs\/impressum\/","title":{"rendered":"Impressum &amp; Datenschutz"},"content":{"rendered":"<h3>Anschrift:<\/h3>\n<p>dotSource SE<br \/>\nGoethestra\u00dfe 1<br \/>\n07743 Jena<br \/>\nGermany<\/p>\n<p>Telefon: +49 3641 797 9000<br \/>\nTelefax: +49 3641 797 9099<\/p>\n<p>E-Mail (dotSource): <a href=\"mailto:info@dotSource.de\">info@dotSource.de<\/a><\/p>\n<p>Vorsitzender des Verwaltungsrats:<br \/>\nChristian Otto Gr\u00f6tsch<\/p>\n<p>Gesch\u00e4ftsf\u00fchrende Direktoren:<br \/>\nChristian Malik<br \/>\nFrank Ertel<br \/>\nJanine Bohnenberg<\/p>\n<p>Registergericht: Amtsgericht Jena<br \/>\nRegisternummer: HRB 520983<br \/>\nUst-IdNr.: DE 353 891 554<br \/>\nSteuer-Nr.: 162\/100\/10258<\/p>\n<h3>Inhaltlich Verantwortlicher:<\/h3>\n<p>gem\u00e4\u00df \u00a7 55 Abs. 2 (RStV) Christian Otto Gr\u00f6tsch<\/p>\n<h3>Hinweise zur Haftung<\/h3>\n<p>Verantwortlich f\u00fcr den Inhalt dieser Internetpr\u00e4senz ist die dotSource SE.<br \/>\nDer Inhalt dieser Internetseiten wird mit gr\u00f6\u00dfter Sorgfalt gepflegt und aktualisiert. Jedoch \u00fcbernimmt die dotSource SE keine Gew\u00e4hr f\u00fcr die Korrektheit, Aktualit\u00e4t oder Vollst\u00e4ndigkeit der bereitgestellten Informationen. Alle Texte, die Sie auf unseren Seiten finden, sind lediglich allgemeine Informationen.<br \/>\nWir haben auf unseren Seiten zum Teil Links zu anderen Seiten im Internet platziert und diese auf ihre Korrektheit gepr\u00fcft. Wir m\u00f6chten jedoch ausdr\u00fccklich betonen, dass wir keinerlei Einfluss auf die Gestaltung und die Inhalte der gelinkten Seiten haben. Es ist nicht auszuschlie\u00dfen, dass durch Aktivit\u00e4ten Dritter die Inhalte so ver\u00e4ndert werden, dass sie nicht mehr unserer Absicht entsprechen oder rechtswidrig sind. In diesem Fall sind wir f\u00fcr eine Information dankbar.<br \/>\nAlle Haftungsanspr\u00fcche an die dotSource SE die durch Nicht- oder Nutzung der bereitgestellten Informationen verursacht wurden, sind grunds\u00e4tzlich ausgeschlossen.<\/p>\n<h3>Hinweise zum Copyright<\/h3>\n<p>Die Inhalte dieser Website sind urheberrechtlich gesch\u00fctzt. Ihre Nutzung ist nur zum privaten Zweck zul\u00e4ssig. Jede Vervielf\u00e4ltigung, Vorf\u00fchrung, Sendung, Vermietung und\/oder Leihe der Website oder einzelner Inhalte ist ohne Angabe des Rechteinhabers bzw. der Quelle untersagt und zieht straf- oder zivilrechtliche Folgen nach sich. Alle Rechte bleiben vorbehalten.<br \/>\nIhre Fragen zum Copyright bitte an: <a href=\"mailto:info@dotSource.de\">info@dotSource.de<\/a><\/p>\n<h3>Hinweise zum Datenschutz<\/h3>\n<p>Personenbezogene Daten werden nur im Rahmen der E-Mail-Formulare erfasst, wobei die Eingabe pers\u00f6nlicher oder gesch\u00e4ftlicher Daten ausdr\u00fccklich freiwillig geschieht. Verarbeitet und gespeichert werden diese Daten entsprechend den deutschen Datenschutzbestimmungen und nur insoweit, wie dies f\u00fcr die Bearbeitung Ihrer Anfrage notwendig ist.<br \/>\nGern teilen wir Ihnen ohne schuldhaftes Z\u00f6gern und im Einklang mit geltendem Recht mit, ob und welche pers\u00f6nlichen Daten \u00fcber Sie bei uns gespeichert sind.<br \/>\nEine Weitergabe der Daten an Dritte findet in keinem Fall statt. Bitte beachten Sie jedoch, dass unsere Website Links zu Websites anderer Anbieter enthalten kann und sich diese Datenschutzerkl\u00e4rung nicht auf diese Anbieter und Webseiten erstreckt.<br \/>\nIhre Fragen zum Datenschutz bitte an: <a href=\"mailto:info@dotSource.de\">info@dotSource.de<\/a><\/p>\n<h3>Analyse und Statistiken<\/h3>\n<p>Zu Zwecken des Marketings und der Optimierung werden auf dieser Webseite Produkte und Dienstleistungen des Unternehmens Lead Forensics (<a href=\"http:\/\/www.leadforensics.com\">http:\/\/www.leadforensics.com<\/a>) verwendet. Der Hauptsitz von Lead Forensics befindet sich in Communication House 26 York Street, London, W1U 6PZ Gro\u00dfbritannien. Lead Forensics ermittelt auf Basis des Impressums Details Ihrer Organisation inklusive Telefonnummer, Web-Adresse, SIC Code und eine Beschreibung des Unternehmens. Dabei zeigt Lead Forensics den tats\u00e4chlich zur\u00fcckgelegten Verlauf Ihres Besuches dieser Webseite auf, inklusive s\u00e4mtlicher Seiten, die durch Sie besucht und angeschaut wurden und wie lange Sie auf dieser Seite verbracht haben. Keinesfalls werden die Daten zur pers\u00f6nlichen Identifizierung eines individuellen Besuchers verwendet. Soweit IP-Adressen erhoben werden, werden diese unverz\u00fcglich nach Erhebung anonymisiert. Im Auftrag des Betreibers dieser Webseite wird Lead Forensics die erhobenen Informationen nutzen, um Ihren Besuch der Webseite auszuwerten, um Reports \u00fcber die Webseitenaktivit\u00e4ten zusammenzustellen und um weitere mit der Webseitennutzung und der Internetnutzung verbundene Dienstleistungen gegen\u00fcber dem Webseitenbetreiber zu erbringen. Sollten Sie damit nicht einverstanden sein, k\u00f6nnen Sie der Datenerhebung, -verarbeitung und -speicherung jederzeit mit Wirkung f\u00fcr die Zukunft durch einen Klick auf folgenden Link widersprechen: <a href=\"http:\/\/lfwebproxy.westeurope.cloudapp.azure.com:5000\/?clientID=70677\">Vom Website-Tracking ausschlie\u00dfen<\/a><\/p>\n","protected":false},"excerpt":{"rendered":"<p>Anschrift: dotSource SE Goethestra\u00dfe 1 07743 Jena Germany Telefon: +49 3641 797 9000 Telefax: +49 3641 797 9099 E-Mail (dotSource): info@dotSource.de Vorsitzender des Verwaltungsrats: Christian Otto Gr\u00f6tsch Gesch\u00e4ftsf\u00fchrende Direktoren: Christian Malik Frank Ertel Janine Bohnenberg Registergericht: Amtsgericht Jena Registernummer: HRB 520983 Ust-IdNr.: DE 353 891 554 Steuer-Nr.: 162\/100\/10258 Inhaltlich Verantwortlicher: gem\u00e4\u00df \u00a7 55 Abs. 2 &hellip; <a href=\"https:\/\/www.dotsource.de\/labs\/impressum\/\" class=\"more-link\">weiterlesen<span class=\"screen-reader-text\"> &#8222;Impressum &amp; Datenschutz&#8220;<\/span><\/a><\/p>\n","protected":false},"author":7,"featured_media":0,"parent":0,"menu_order":6,"comment_status":"closed","ping_status":"closed","template":"","meta":{"_acf_changed":false,"ngg_post_thumbnail":0,"footnotes":""},"class_list":["post-885","page","type-page","status-publish","hentry"],"aioseo_notices":[],"acf":[],"_links":{"self":[{"href":"https:\/\/www.dotsource.de\/labs\/wp-json\/wp\/v2\/pages\/885","targetHints":{"allow":["GET"]}}],"collection":[{"href":"https:\/\/www.dotsource.de\/labs\/wp-json\/wp\/v2\/pages"}],"about":[{"href":"https:\/\/www.dotsource.de\/labs\/wp-json\/wp\/v2\/types\/page"}],"author":[{"embeddable":true,"href":"https:\/\/www.dotsource.de\/labs\/wp-json\/wp\/v2\/users\/7"}],"replies":[{"embeddable":true,"href":"https:\/\/www.dotsource.de\/labs\/wp-json\/wp\/v2\/comments?post=885"}],"version-history":[{"count":6,"href":"https:\/\/www.dotsource.de\/labs\/wp-json\/wp\/v2\/pages\/885\/revisions"}],"predecessor-version":[{"id":2054,"href":"https:\/\/www.dotsource.de\/labs\/wp-json\/wp\/v2\/pages\/885\/revisions\/2054"}],"wp:attachment":[{"href":"https:\/\/www.dotsource.de\/labs\/wp-json\/wp\/v2\/media?parent=885"}],"curies":[{"name":"wp","href":"https:\/\/api.w.org\/{rel}","templated":true}]}}