{"id":31,"date":"2011-09-21T13:56:25","date_gmt":"2011-09-21T13:56:25","guid":{"rendered":"http:\/\/www.dotsource.de\/labs\/?page_id=31"},"modified":"2024-06-25T14:10:42","modified_gmt":"2024-06-25T12:10:42","slug":"partner","status":"publish","type":"page","link":"https:\/\/www.dotsource.de\/labs\/partner\/","title":{"rendered":"Bildungspartner"},"content":{"rendered":"<p>Im Zuge der Entwicklungen in der dotSource SE stehen wir kontinuierlich im regen Austausch mit verschiedenen Partnereinrichtungen. Zus\u00e4tzlich sind viele unserer Mitarbeitenden Dual-Studierende, Bachelor- oder Masteranden oder haben eine Stelle neben dem Studium. Durch die Zusammenarbeit mit den verschiedenen Bildungspartnern decken wir neben den praktischen Erfahrungen auch theoretische und wissenschaftliche Aspekte der Themen in unserem Unternehmen ab.<br \/>\nDie dotSource ist Partner von:<\/p>\n<div class=\"partner-logos\">\n<p>&nbsp;<\/p>\n<div class=\"col-lg-4 col-xs-12\">\n<div id=\"c5918\" class=\"frame frame-indent frame-type-text frame-background-none frame-no-backgroundimage frame-space-before-none frame-space-after-none \" data-dot-navigation=\"1\">\n<div class=\"frame-container\">\n<div class=\"frame-inner\">\n<h2 style=\"text-align: center;\"><strong>Duale Hochschule Gera-Eisenach<\/strong><\/h2>\n<p style=\"text-align: center;\">Die Duale Hochschule Gera-Eisenach bietet die M\u00f6glichkeit zu einem dualen Studium und kooperiert eng mit Wirtschaftsunternehmen, \u00f6ffentlicher Verwaltung sowie sozialen Einrichtungen.<\/p>\n<div class=\"col-lg-4 col-xs-12\">\n<div id=\"c5918\" class=\"frame frame-indent frame-type-text frame-background-none frame-no-backgroundimage frame-space-before-none frame-space-after-none \" data-dot-navigation=\"1\">\n<div class=\"frame-container\">\n<div class=\"frame-inner\">\n<p style=\"text-align: center;\">Die dreij\u00e4hrige Ausbildung besteht aus einem Wechsel zwischen Theorie- und Praxisphasen, wobei die Studierenden w\u00e4hrend dieser Zeit einen Ausbildungsvertrag mit einem Partnerunternehmen, wie der dotSource SE, haben.<\/p>\n<\/div>\n<\/div>\n<\/div>\n<\/div>\n<p><img loading=\"lazy\" decoding=\"async\" class=\" wp-image-1939 aligncenter\" style=\"text-align: center;\" src=\"https:\/\/www.dotsource.de\/labs\/wp-content\/uploads\/sites\/4\/2023\/10\/Logo_DHGE.png\" alt=\"DHGE\" width=\"151\" height=\"49\" srcset=\"https:\/\/www.dotsource.de\/labs\/wp-content\/uploads\/sites\/4\/2023\/10\/Logo_DHGE.png 390w, https:\/\/www.dotsource.de\/labs\/wp-content\/uploads\/sites\/4\/2023\/10\/Logo_DHGE-300x97.png 300w\" sizes=\"auto, (max-width: 151px) 85vw, 151px\" \/><\/p>\n<p>&nbsp;<\/p>\n<div class=\"col-lg-4 col-xs-12\">\n<div id=\"c5918\" class=\"frame frame-indent frame-type-text frame-background-none frame-no-backgroundimage frame-space-before-none frame-space-after-none \" data-dot-navigation=\"1\">\n<div class=\"frame-container\">\n<div class=\"frame-inner\">\n<h2 style=\"text-align: center;\"><strong>Ernst-Abbe-Hochschule Jena<\/strong><\/h2>\n<div class=\"col-lg-4 col-xs-12\" style=\"text-align: center;\">\n<div id=\"c5908\" class=\"frame frame-indent frame-type-text frame-background-none frame-no-backgroundimage frame-space-before-none frame-space-after-none \" data-dot-navigation=\"1\">\n<div class=\"frame-container\">\n<div class=\"frame-inner\">\n<p>Der Fachbereich Wirtschaftsingenieurwesen der Ernst-Abbe-Hochschule Jena legt sowohl in der Master- wie auch in der Bachelorausbildung (WI-Industrie, WI-IT und E-Commerce) ganz besonderen Wert auf Praxisn\u00e4he durch enge Kooperation mit Unternehmen der Region.<\/p>\n<\/div>\n<\/div>\n<\/div>\n<\/div>\n<div class=\"col-lg-4 col-xs-12\">\n<div id=\"c5909\" class=\"frame frame-indent frame-type-text frame-background-none frame-no-backgroundimage frame-space-before-none frame-space-after-none \" data-dot-navigation=\"1\">\n<div class=\"frame-container\">\n<div class=\"frame-inner\">\n<p style=\"text-align: center;\">dotSource sowie weitere Organisationen und Privatpersonen finanzieren \u00fcber f\u00fcnf Jahre die Stiftungsprofessur E-Commerce an der Ernst-Abbe-Hochschule Jena und stehen beratend beim Curriculum zur Seite.<\/p>\n<p style=\"text-align: center;\"><img loading=\"lazy\" decoding=\"async\" class=\"alignnone wp-image-2080\" src=\"https:\/\/www.dotsource.de\/labs\/wp-content\/uploads\/sites\/4\/2024\/06\/EAH_Logo.png\" alt=\"EAH_Logo\" width=\"250\" height=\"61\" srcset=\"https:\/\/www.dotsource.de\/labs\/wp-content\/uploads\/sites\/4\/2024\/06\/EAH_Logo.png 380w, https:\/\/www.dotsource.de\/labs\/wp-content\/uploads\/sites\/4\/2024\/06\/EAH_Logo-300x73.png 300w\" sizes=\"auto, (max-width: 250px) 85vw, 250px\" \/><\/p>\n<h2 style=\"text-align: center;\"><strong>Friedrich-Schiller-Universit\u00e4t Jena<\/strong><\/h2>\n<div class=\"col-lg-4 col-xs-12\">\n<div id=\"c5905\" class=\"frame frame-indent frame-type-text frame-background-none frame-no-backgroundimage frame-space-before-none frame-space-after-none \" data-dot-navigation=\"1\">\n<div class=\"frame-container\">\n<div class=\"frame-inner\">\n<p style=\"text-align: center;\">Die Friedrich-Schiller-Universit\u00e4t Jena zeichnet sich besonders durch Praxisn\u00e4he und den Wissenstransfer mit regionalen Unternehmen aus.<\/p>\n<\/div>\n<\/div>\n<\/div>\n<\/div>\n<div class=\"col-lg-4 col-xs-12\" style=\"text-align: center;\">\n<div id=\"c5906\" class=\"frame frame-indent frame-type-text frame-background-none frame-no-backgroundimage frame-space-before-none frame-space-after-none \" data-dot-navigation=\"1\">\n<div class=\"frame-container\">\n<div class=\"frame-inner\">\n<p>Unter dem Motto \u201eZukunft braucht Herkunft\u201c unterst\u00fctzt die Universit\u00e4t gemeinsam mit dotSource als Freund und F\u00f6rderer herausragende Studenten, die ihr Interesse an Themen aus dem E-Commerce intensivieren m\u00f6chten. Besondere studentische Leistungen f\u00f6rdern beide Partner jedes Jahr mit dem Deutschland Stipendium.<\/p>\n<\/div>\n<\/div>\n<\/div>\n<\/div>\n<\/div>\n<\/div>\n<\/div>\n<\/div>\n<\/div>\n<\/div>\n<\/div>\n<\/div>\n<p><img loading=\"lazy\" decoding=\"async\" class=\" wp-image-1943 aligncenter\" src=\"https:\/\/www.dotsource.de\/labs\/wp-content\/uploads\/sites\/4\/2023\/10\/Logo_FSU.png\" alt=\"FSU Jena\" width=\"192\" height=\"64\" srcset=\"https:\/\/www.dotsource.de\/labs\/wp-content\/uploads\/sites\/4\/2023\/10\/Logo_FSU.png 957w, https:\/\/www.dotsource.de\/labs\/wp-content\/uploads\/sites\/4\/2023\/10\/Logo_FSU-300x100.png 300w, https:\/\/www.dotsource.de\/labs\/wp-content\/uploads\/sites\/4\/2023\/10\/Logo_FSU-768x256.png 768w\" sizes=\"auto, (max-width: 192px) 85vw, 192px\" \/><\/p>\n<h2 style=\"text-align: center;\"><strong>GRUNDIG AKADEMIE Gera<\/strong><\/h2>\n<div class=\"col-lg-4 col-xs-12\">\n<div id=\"c5920\" class=\"frame frame-indent frame-type-text frame-background-none frame-no-backgroundimage frame-space-before-none frame-space-after-none \" data-dot-navigation=\"1\">\n<div class=\"frame-container\">\n<div class=\"frame-inner\">\n<p style=\"text-align: center;\">Die GRUNDIG AKADEMIE ist seit 1991 in Gera als staatlich anerkannte Fachschule\/H\u00f6here Berufsfachschule t\u00e4tig. Ein Schwerpunkt der Ausbildung umfasst das Fachschulstudium, in welchem die Studenten zum staatlich gepr\u00fcften Techniker oder zu Staatlich gepr\u00fcften Betriebswirten\/innen ausgebildet werden.<\/p>\n<\/div>\n<\/div>\n<\/div>\n<\/div>\n<div class=\"col-lg-4 col-xs-12\" style=\"text-align: center;\">\n<div id=\"c5921\" class=\"frame frame-indent frame-type-text frame-background-none frame-no-backgroundimage frame-space-before-none frame-space-after-none \" data-dot-navigation=\"1\">\n<div class=\"frame-container\">\n<div class=\"frame-inner\">\n<p>Seit vielen Jahren ist die GRUNDIG AKADEMIE auch in der beruflichen Erstausbildung t\u00e4tig und bildet unter anderem zum Technischen Assistent f\u00fcr Informatik aus.<\/p>\n<\/div>\n<\/div>\n<\/div>\n<\/div>\n<p><img loading=\"lazy\" decoding=\"async\" class=\"wp-image-1942 aligncenter\" src=\"https:\/\/www.dotsource.de\/labs\/wp-content\/uploads\/sites\/4\/2023\/10\/Logo_Grundig.png\" alt=\"Grundig Akademie\" width=\"196\" height=\"50\" srcset=\"https:\/\/www.dotsource.de\/labs\/wp-content\/uploads\/sites\/4\/2023\/10\/Logo_Grundig.png 1300w, https:\/\/www.dotsource.de\/labs\/wp-content\/uploads\/sites\/4\/2023\/10\/Logo_Grundig-300x77.png 300w, https:\/\/www.dotsource.de\/labs\/wp-content\/uploads\/sites\/4\/2023\/10\/Logo_Grundig-1024x262.png 1024w, https:\/\/www.dotsource.de\/labs\/wp-content\/uploads\/sites\/4\/2023\/10\/Logo_Grundig-768x197.png 768w, https:\/\/www.dotsource.de\/labs\/wp-content\/uploads\/sites\/4\/2023\/10\/Logo_Grundig-1200x307.png 1200w\" sizes=\"auto, (max-width: 196px) 85vw, 196px\" \/><\/p>\n<header>\n<h2 class=\" \" style=\"text-align: center;\">Staatliches Berufsschulzentrum Hermsdorf<\/h2>\n<\/header>\n<div class=\"gridelement row bg-color-white layout-0\" data-col-count=\"3\">\n<div class=\"col-lg-4 col-xs-12\">\n<div id=\"c5914\" class=\"frame frame-indent frame-type-text frame-background-none frame-no-backgroundimage frame-space-before-none frame-space-after-none \" data-dot-navigation=\"1\">\n<div class=\"frame-container\">\n<div class=\"frame-inner\">\n<div class=\"col-lg-4 col-xs-12\">\n<div id=\"c5914\" class=\"frame frame-indent frame-type-text frame-background-none frame-no-backgroundimage frame-space-before-none frame-space-after-none \" data-dot-navigation=\"1\">\n<div class=\"frame-container\">\n<div class=\"frame-inner\">\n<p style=\"text-align: center;\">Das im Saale-Holzland-Kreis angesiedelte Staatliche Berufsschulzentrum Hermsdorf b\u00fcndelt Kompetenzen in wesentlichen IT-Berufen.&nbsp;<\/p>\n<\/div>\n<\/div>\n<\/div>\n<\/div>\n<div class=\"col-lg-4 col-xs-12\" style=\"text-align: center;\">\n<div id=\"c5915\" class=\"frame frame-indent frame-type-text frame-background-none frame-no-backgroundimage frame-space-before-none frame-space-after-none \" data-dot-navigation=\"1\">\n<div class=\"frame-container\">\n<div class=\"frame-inner\">\n<p>Weitere Schwerpunkte liegen in der Berufsausbildung zum Sattler und Technischen Konfektion\u00e4r sowie in den Berufsfeldern Holztechnik, Keramik und Hauswirtschaft.<\/p>\n<\/div>\n<\/div>\n<\/div>\n<\/div>\n<\/div>\n<\/div>\n<\/div>\n<\/div>\n<\/div>\n<p style=\"text-align: center;\">&nbsp;<img loading=\"lazy\" decoding=\"async\" class=\"alignnone size-full wp-image-2081\" src=\"https:\/\/www.dotsource.de\/labs\/wp-content\/uploads\/sites\/4\/2024\/06\/SBSZ_Logo.png\" alt=\"SBSZ_Logo\" width=\"192\" height=\"121\"><\/p>\n<h2 style=\"text-align: center;\"><strong>Steinbeis Care<\/strong><strong>er Center<\/strong><\/h2>\n<div class=\"col-lg-4 col-xs-12\">\n<div id=\"c5911\" class=\"frame frame-indent frame-type-text frame-background-none frame-no-backgroundimage frame-space-before-none frame-space-after-none \" data-dot-navigation=\"1\">\n<div class=\"frame-container\">\n<div class=\"frame-inner\">\n<div class=\"col-lg-4 col-xs-12\">\n<div id=\"c5911\" class=\"frame frame-indent frame-type-text frame-background-none frame-no-backgroundimage frame-space-before-none frame-space-after-none \" data-dot-navigation=\"1\">\n<div class=\"frame-container\">\n<div class=\"frame-inner\">\n<p style=\"text-align: center;\">Das Steinbeis Career Center ist ein leistungsstarker Verbund aus f\u00fchrenden Instituten der SHB, die mit national und international renommierten Partnerhochschulen berufsbegleitende, transfer- und anwendungsorientierte Studieng\u00e4nge anbieten.<\/p>\n<\/div>\n<\/div>\n<\/div>\n<\/div>\n<div class=\"col-lg-4 col-xs-12\" style=\"text-align: center;\">\n<div id=\"c5912\" class=\"frame frame-indent frame-type-text frame-background-none frame-no-backgroundimage frame-space-before-none frame-space-after-none \" data-dot-navigation=\"1\">\n<div class=\"frame-container\">\n<div class=\"frame-inner\">\n<p>Darunter sind vielversprechende Ausbildungsprogramme, wie zum Beispiel Bachelor und Master of Business Administration.<\/p>\n<\/div>\n<\/div>\n<\/div>\n<\/div>\n<\/div>\n<\/div>\n<\/div>\n<\/div>\n<p style=\"text-align: center;\"><img loading=\"lazy\" decoding=\"async\" class=\" wp-image-1940 aligncenter\" src=\"https:\/\/www.dotsource.de\/labs\/wp-content\/uploads\/sites\/4\/2023\/10\/Logo_Steinbeis.png\" alt=\"Steinbeis\" width=\"203\" height=\"43\" srcset=\"https:\/\/www.dotsource.de\/labs\/wp-content\/uploads\/sites\/4\/2023\/10\/Logo_Steinbeis.png 2000w, https:\/\/www.dotsource.de\/labs\/wp-content\/uploads\/sites\/4\/2023\/10\/Logo_Steinbeis-300x64.png 300w, https:\/\/www.dotsource.de\/labs\/wp-content\/uploads\/sites\/4\/2023\/10\/Logo_Steinbeis-1024x217.png 1024w, https:\/\/www.dotsource.de\/labs\/wp-content\/uploads\/sites\/4\/2023\/10\/Logo_Steinbeis-768x163.png 768w, https:\/\/www.dotsource.de\/labs\/wp-content\/uploads\/sites\/4\/2023\/10\/Logo_Steinbeis-1536x326.png 1536w, https:\/\/www.dotsource.de\/labs\/wp-content\/uploads\/sites\/4\/2023\/10\/Logo_Steinbeis-1200x254.png 1200w\" sizes=\"auto, (max-width: 203px) 85vw, 203px\" \/>&nbsp;<\/p>\n<h2 style=\"text-align: center;\"><strong>Th\u00fcringer Ministerium f\u00fcr Wirtschaft, Wissenschaft und Digitale Gesellschaft<\/strong><\/h2>\n<p style=\"text-align: center;\">Wir wollen junge Menschen f\u00fcr die digitale Welt und Berufe in der IT begeistern. In unserer Jugend-Unternehmenswerkstatt k\u00f6nnen sie uns als zuk\u00fcnftigen Ausbildungspartner und Arbeitgeber kennenlernen.<\/p>\n<div class=\"col-lg-4 col-xs-12\">\n<div id=\"c70136\" class=\"frame frame-indent frame-type-text frame-background-none frame-no-backgroundimage frame-space-before-none frame-space-after-none \" data-dot-navigation=\"1\">\n<div class=\"frame-container\">\n<div class=\"frame-inner\">\n<p style=\"text-align: center;\">Die Jugend-Unternehmenswerkst\u00e4tten (JUW) werden von der Stiftung f\u00fcr Technologie, Innovation und Forschung Th\u00fcringen (STIFT) als Teil unserer MINT-Initiative koordiniert und vom Th\u00fcringer Ministerium f\u00fcr Wirtschaft, Wissenschaft und Digitale Gesellschaft gef\u00f6rdert.<\/p>\n<p><img loading=\"lazy\" decoding=\"async\" class=\" wp-image-2057 aligncenter\" src=\"https:\/\/www.dotsource.de\/labs\/wp-content\/uploads\/sites\/4\/2024\/06\/th_Ministerium_Wirtschaft_Wissenschaft_Dig_Gesellschaft_Logo.png\" alt=\"th_Ministerium_Wirtschaft_Wissenschaft_Dig_Gesellschaft_Logo\" width=\"289\" height=\"65\" srcset=\"https:\/\/www.dotsource.de\/labs\/wp-content\/uploads\/sites\/4\/2024\/06\/th_Ministerium_Wirtschaft_Wissenschaft_Dig_Gesellschaft_Logo.png 507w, https:\/\/www.dotsource.de\/labs\/wp-content\/uploads\/sites\/4\/2024\/06\/th_Ministerium_Wirtschaft_Wissenschaft_Dig_Gesellschaft_Logo-300x67.png 300w\" sizes=\"auto, (max-width: 289px) 85vw, 289px\" \/><\/p>\n<p>&nbsp; &nbsp; &nbsp; &nbsp; &nbsp; &nbsp; &nbsp; &nbsp;&nbsp;<\/p>\n<\/div>\n<\/div>\n<\/div>\n<\/div>\n<\/div>\n<\/div>\n<\/div>\n<\/div>\n<\/div>\n","protected":false},"excerpt":{"rendered":"<p>Im Zuge der Entwicklungen in der dotSource SE stehen wir kontinuierlich im regen Austausch mit verschiedenen Partnereinrichtungen. Zus\u00e4tzlich sind viele unserer Mitarbeitenden Dual-Studierende, Bachelor- oder Masteranden oder haben eine Stelle neben dem Studium. Durch die Zusammenarbeit mit den verschiedenen Bildungspartnern decken wir neben den praktischen Erfahrungen auch theoretische und wissenschaftliche Aspekte der Themen in unserem &hellip; <a href=\"https:\/\/www.dotsource.de\/labs\/partner\/\" class=\"more-link\">weiterlesen<span class=\"screen-reader-text\"> &#8222;Bildungspartner&#8220;<\/span><\/a><\/p>\n","protected":false},"author":7,"featured_media":0,"parent":0,"menu_order":4,"comment_status":"closed","ping_status":"open","template":"","meta":{"_acf_changed":false,"ngg_post_thumbnail":0,"footnotes":""},"class_list":["post-31","page","type-page","status-publish","hentry"],"aioseo_notices":[],"acf":[],"_links":{"self":[{"href":"https:\/\/www.dotsource.de\/labs\/wp-json\/wp\/v2\/pages\/31","targetHints":{"allow":["GET"]}}],"collection":[{"href":"https:\/\/www.dotsource.de\/labs\/wp-json\/wp\/v2\/pages"}],"about":[{"href":"https:\/\/www.dotsource.de\/labs\/wp-json\/wp\/v2\/types\/page"}],"author":[{"embeddable":true,"href":"https:\/\/www.dotsource.de\/labs\/wp-json\/wp\/v2\/users\/7"}],"replies":[{"embeddable":true,"href":"https:\/\/www.dotsource.de\/labs\/wp-json\/wp\/v2\/comments?post=31"}],"version-history":[{"count":47,"href":"https:\/\/www.dotsource.de\/labs\/wp-json\/wp\/v2\/pages\/31\/revisions"}],"predecessor-version":[{"id":2085,"href":"https:\/\/www.dotsource.de\/labs\/wp-json\/wp\/v2\/pages\/31\/revisions\/2085"}],"wp:attachment":[{"href":"https:\/\/www.dotsource.de\/labs\/wp-json\/wp\/v2\/media?parent=31"}],"curies":[{"name":"wp","href":"https:\/\/api.w.org\/{rel}","templated":true}]}}