{"id":28,"date":"2011-09-21T11:27:15","date_gmt":"2011-09-21T11:27:15","guid":{"rendered":"http:\/\/www.dotsource.de\/labs\/?page_id=28"},"modified":"2024-06-25T13:00:45","modified_gmt":"2024-06-25T11:00:45","slug":"programme","status":"publish","type":"page","link":"https:\/\/www.dotsource.de\/labs\/programme\/","title":{"rendered":"Programme"},"content":{"rendered":"<p>Diese Seite dient zur \u00dcbersicht \u00fcber die auf dotSource Labs ver\u00f6ffentlichten Programme, Tools und Quell Codes.<\/p>\n<ul>\n<li>WorkFlow Tool Extension f\u00fcr Eclipse <a href=\"https:\/\/sourceforge.net\/projects\/workflowtool\/\" target=\"_blank\" rel=\"noopener\">auf Sourceforge<\/a>\/ Informationen auf Labs<\/li>\n<li>Preisbock als Erweiterung\/Plug-In f\u00fcr WordPress <a href=\"https:\/\/sourceforge.net\/projects\/preisbockwp\/\">auf Sourceforge<\/a>\/ Informationen auf Labs<\/li>\n<\/ul>\n","protected":false},"excerpt":{"rendered":"<p>Diese Seite dient zur \u00dcbersicht \u00fcber die auf dotSource Labs ver\u00f6ffentlichten Programme, Tools und Quell Codes. WorkFlow Tool Extension f\u00fcr Eclipse auf Sourceforge\/ Informationen auf Labs Preisbock als Erweiterung\/Plug-In f\u00fcr WordPress auf Sourceforge\/ Informationen auf Labs<\/p>\n","protected":false},"author":7,"featured_media":0,"parent":0,"menu_order":3,"comment_status":"closed","ping_status":"open","template":"page-2col.php","meta":{"_acf_changed":false,"ngg_post_thumbnail":0,"footnotes":""},"class_list":["post-28","page","type-page","status-publish","hentry"],"aioseo_notices":[],"acf":[],"_links":{"self":[{"href":"https:\/\/www.dotsource.de\/labs\/wp-json\/wp\/v2\/pages\/28","targetHints":{"allow":["GET"]}}],"collection":[{"href":"https:\/\/www.dotsource.de\/labs\/wp-json\/wp\/v2\/pages"}],"about":[{"href":"https:\/\/www.dotsource.de\/labs\/wp-json\/wp\/v2\/types\/page"}],"author":[{"embeddable":true,"href":"https:\/\/www.dotsource.de\/labs\/wp-json\/wp\/v2\/users\/7"}],"replies":[{"embeddable":true,"href":"https:\/\/www.dotsource.de\/labs\/wp-json\/wp\/v2\/comments?post=28"}],"version-history":[{"count":0,"href":"https:\/\/www.dotsource.de\/labs\/wp-json\/wp\/v2\/pages\/28\/revisions"}],"wp:attachment":[{"href":"https:\/\/www.dotsource.de\/labs\/wp-json\/wp\/v2\/media?parent=28"}],"curies":[{"name":"wp","href":"https:\/\/api.w.org\/{rel}","templated":true}]}}